{"id":142,"date":"2015-09-11T11:37:12","date_gmt":"2015-09-11T09:37:12","guid":{"rendered":"http:\/\/betiprest.info\/?page_id=142"},"modified":"2019-02-15T21:10:13","modified_gmt":"2019-02-15T20:10:13","slug":"ficha-teleoperador","status":"publish","type":"page","link":"https:\/\/betiprest.info\/es\/manual-profesorado\/ficha-teleoperador\/","title":{"rendered":"Ficha de teleoperador(a)"},"content":{"rendered":"<p>Al crear un nuevo teleoperador(a) o entrando a modificar un\u00a0teleoperador(a) existente la ficha es la siguiente:<\/p>\n<p><a href=\"http:\/\/betiprest.info\/files\/2015\/09\/teleoperador_es.png\"><img loading=\"lazy\" decoding=\"async\" class=\"aligncenter size-full wp-image-144\" src=\"http:\/\/betiprest.info\/files\/2015\/09\/teleoperador_es.png\" alt=\"teleoperador_es\" width=\"858\" height=\"388\" srcset=\"https:\/\/betiprest.info\/wp-content\/uploads\/2015\/09\/teleoperador_es.png 1025w, https:\/\/betiprest.info\/wp-content\/uploads\/2015\/09\/teleoperador_es-300x136.png 300w, https:\/\/betiprest.info\/wp-content\/uploads\/2015\/09\/teleoperador_es-768x348.png 768w\" sizes=\"(max-width: 858px) 100vw, 858px\" \/><\/a><\/p>\n<p>Si no se marca la opci\u00f3n <strong>Alumno\/a<\/strong> se est\u00e1 dando de alta a un profesor(a).<\/p>\n<p>Si no se marca la opci\u00f3n <strong>Activo<\/strong>, el teleoperador no aparecer\u00e1 en las pantallas del alumnado y aparecer\u00e1 en gris en las del profesorado.<\/p>\n<p>El enlace\u00a0<strong>Eliminar usuarios\/as<\/strong>\u00a0se utiliza para borrar sus usuarios\/as y llamadas correspondientes. Es \u00fatil cuando un alumno\/a tiene que repetir curso.<\/p>","protected":false},"excerpt":{"rendered":"<p>Al crear un nuevo teleoperador(a) o entrando a modificar un\u00a0teleoperador(a) existente la ficha es la siguiente: Si no se marca la opci\u00f3n Alumno\/a se est\u00e1 dando de alta a un profesor(a). Si no se marca la opci\u00f3n Activo, el teleoperador no aparecer\u00e1 en las pantallas del alumnado y aparecer\u00e1 en gris en las del profesorado. &hellip; <a href=\"https:\/\/betiprest.info\/es\/manual-profesorado\/ficha-teleoperador\/\" class=\"more-link\">Seguir leyendo <span class=\"screen-reader-text\">Ficha de teleoperador(a)<\/span> <span class=\"meta-nav\">&rarr;<\/span><\/a><\/p>\n","protected":false},"author":1,"featured_media":0,"parent":116,"menu_order":0,"comment_status":"closed","ping_status":"closed","template":"","meta":{"footnotes":""},"class_list":["post-142","page","type-page","status-publish","hentry"],"_links":{"self":[{"href":"https:\/\/betiprest.info\/es\/wp-json\/wp\/v2\/pages\/142"}],"collection":[{"href":"https:\/\/betiprest.info\/es\/wp-json\/wp\/v2\/pages"}],"about":[{"href":"https:\/\/betiprest.info\/es\/wp-json\/wp\/v2\/types\/page"}],"author":[{"embeddable":true,"href":"https:\/\/betiprest.info\/es\/wp-json\/wp\/v2\/users\/1"}],"replies":[{"embeddable":true,"href":"https:\/\/betiprest.info\/es\/wp-json\/wp\/v2\/comments?post=142"}],"version-history":[{"count":7,"href":"https:\/\/betiprest.info\/es\/wp-json\/wp\/v2\/pages\/142\/revisions"}],"predecessor-version":[{"id":305,"href":"https:\/\/betiprest.info\/es\/wp-json\/wp\/v2\/pages\/142\/revisions\/305"}],"up":[{"embeddable":true,"href":"https:\/\/betiprest.info\/es\/wp-json\/wp\/v2\/pages\/116"}],"wp:attachment":[{"href":"https:\/\/betiprest.info\/es\/wp-json\/wp\/v2\/media?parent=142"}],"curies":[{"name":"wp","href":"https:\/\/api.w.org\/{rel}","templated":true}]}}