{"id":197,"date":"2015-09-25T10:37:52","date_gmt":"2015-09-25T08:37:52","guid":{"rendered":"http:\/\/betiprest.info\/?page_id=197"},"modified":"2015-10-06T10:03:51","modified_gmt":"2015-10-06T08:03:51","slug":"alta-usuarios","status":"publish","type":"page","link":"https:\/\/betiprest.info\/es\/manual-profesorado\/alta-usuarios\/","title":{"rendered":"Alta de usuarios\/as"},"content":{"rendered":"<p>Desde el bot\u00f3n <strong>Nuevo<\/strong> de la opci\u00f3n de men\u00fa <strong>Usuarios\/as<\/strong> se\u00a0dan de alta nuevos usuarios\/as. S\u00f3lo hay que indicar el nombre, apellidos, seleccionar uno o m\u00e1s perfiles e indicar observaciones:<br \/>\n<a href=\"http:\/\/betiprest.info\/files\/2015\/09\/erabiltzaile_berria_es.jpg\"><img loading=\"lazy\" decoding=\"async\" class=\"aligncenter size-full wp-image-275\" src=\"http:\/\/betiprest.info\/files\/2015\/09\/erabiltzaile_berria_es.jpg\" alt=\"erabiltzaile_berria_es\" width=\"688\" height=\"393\" srcset=\"https:\/\/betiprest.info\/wp-content\/uploads\/2015\/09\/erabiltzaile_berria_es.jpg 688w, https:\/\/betiprest.info\/wp-content\/uploads\/2015\/09\/erabiltzaile_berria_es-300x171.jpg 300w\" sizes=\"(max-width: 688px) 100vw, 688px\" \/><\/a><\/p>","protected":false},"excerpt":{"rendered":"<p>Desde el bot\u00f3n Nuevo de la opci\u00f3n de men\u00fa Usuarios\/as se\u00a0dan de alta nuevos usuarios\/as. S\u00f3lo hay que indicar el nombre, apellidos, seleccionar uno o m\u00e1s perfiles e indicar observaciones:<\/p>\n","protected":false},"author":1,"featured_media":0,"parent":116,"menu_order":0,"comment_status":"closed","ping_status":"closed","template":"","meta":{"footnotes":""},"class_list":["post-197","page","type-page","status-publish","hentry"],"_links":{"self":[{"href":"https:\/\/betiprest.info\/es\/wp-json\/wp\/v2\/pages\/197"}],"collection":[{"href":"https:\/\/betiprest.info\/es\/wp-json\/wp\/v2\/pages"}],"about":[{"href":"https:\/\/betiprest.info\/es\/wp-json\/wp\/v2\/types\/page"}],"author":[{"embeddable":true,"href":"https:\/\/betiprest.info\/es\/wp-json\/wp\/v2\/users\/1"}],"replies":[{"embeddable":true,"href":"https:\/\/betiprest.info\/es\/wp-json\/wp\/v2\/comments?post=197"}],"version-history":[{"count":6,"href":"https:\/\/betiprest.info\/es\/wp-json\/wp\/v2\/pages\/197\/revisions"}],"predecessor-version":[{"id":277,"href":"https:\/\/betiprest.info\/es\/wp-json\/wp\/v2\/pages\/197\/revisions\/277"}],"up":[{"embeddable":true,"href":"https:\/\/betiprest.info\/es\/wp-json\/wp\/v2\/pages\/116"}],"wp:attachment":[{"href":"https:\/\/betiprest.info\/es\/wp-json\/wp\/v2\/media?parent=197"}],"curies":[{"name":"wp","href":"https:\/\/api.w.org\/{rel}","templated":true}]}}