{"id":34,"date":"2015-09-10T17:30:42","date_gmt":"2015-09-10T15:30:42","guid":{"rendered":"http:\/\/betiprest.info\/?page_id=34"},"modified":"2015-09-28T11:27:09","modified_gmt":"2015-09-28T09:27:09","slug":"entrada","status":"publish","type":"page","link":"https:\/\/betiprest.info\/es\/manual-alumnado\/entrada\/","title":{"rendered":"Entrada al sistema"},"content":{"rendered":"<p>Para entrar al sistema hay que abrir un navegador (a poder ser Mozilla Firefox o Google Chrome\/Chromium), y en la\u00a0barra de direcci\u00f3n del mismo hay que indicar la direcci\u00f3n correspondiente al centro, por ejemplo:<\/p>\n<p style=\"text-align: center;\">http:\/\/nirezentrua.betiprest.info<\/p>\n<p>Despu\u00e9s de hacer esto, se abre una ventana solicitando el identificador y la clave del centro (valores comunes para todas las personas de un centro):<\/p>\n<p><a href=\"http:\/\/betiprest.info\/files\/2015\/09\/sarrera0_es.png\"><img loading=\"lazy\" decoding=\"async\" class=\"aligncenter wp-image-50 size-full\" src=\"http:\/\/betiprest.info\/files\/2015\/09\/sarrera0_es.png\" alt=\"sarrera0_es\" width=\"679\" height=\"188\" srcset=\"https:\/\/betiprest.info\/wp-content\/uploads\/2015\/09\/sarrera0_es.png 679w, https:\/\/betiprest.info\/wp-content\/uploads\/2015\/09\/sarrera0_es-300x83.png 300w\" sizes=\"(max-width: 679px) 100vw, 679px\" \/><\/a><\/p>\n<p>A continuaci\u00f3n se solicitar\u00e1 un identificador y clave de la persona que est\u00e1 accediendo:<\/p>\n<p><a href=\"http:\/\/betiprest.info\/files\/2015\/09\/sarrera1_es.png\"><img loading=\"lazy\" decoding=\"async\" class=\"aligncenter wp-image-51 size-full\" src=\"http:\/\/betiprest.info\/files\/2015\/09\/sarrera1_es.png\" alt=\"sarrera1_es\" width=\"662\" height=\"355\" srcset=\"https:\/\/betiprest.info\/wp-content\/uploads\/2015\/09\/sarrera1_es.png 662w, https:\/\/betiprest.info\/wp-content\/uploads\/2015\/09\/sarrera1_es-300x161.png 300w\" sizes=\"(max-width: 662px) 100vw, 662px\" \/><\/a><\/p>\n<p>Para conocer tanto los datos del centro como los del usuario, contactar con la persona profesora responsable correspondiente al centro.<\/p>\n<p>Nota: De cuando en cuando, el navegador ofrece guardar la clave indicada. Indica una respuesta afirmativa s\u00f3lo si el ordenador o tablet es tuyo, es decir, si otras personas no entran en \u00e9l.<\/p>","protected":false},"excerpt":{"rendered":"<p>Para entrar al sistema hay que abrir un navegador (a poder ser Mozilla Firefox o Google Chrome\/Chromium), y en la\u00a0barra de direcci\u00f3n del mismo hay que indicar la direcci\u00f3n correspondiente al centro, por ejemplo: http:\/\/nirezentrua.betiprest.info Despu\u00e9s de hacer esto, se abre una ventana solicitando el identificador y la clave del centro (valores comunes para todas &hellip; <a href=\"https:\/\/betiprest.info\/es\/manual-alumnado\/entrada\/\" class=\"more-link\">Seguir leyendo <span class=\"screen-reader-text\">Entrada al sistema<\/span> <span class=\"meta-nav\">&rarr;<\/span><\/a><\/p>\n","protected":false},"author":1,"featured_media":0,"parent":54,"menu_order":0,"comment_status":"closed","ping_status":"closed","template":"","meta":{"footnotes":""},"class_list":["post-34","page","type-page","status-publish","hentry"],"_links":{"self":[{"href":"https:\/\/betiprest.info\/es\/wp-json\/wp\/v2\/pages\/34"}],"collection":[{"href":"https:\/\/betiprest.info\/es\/wp-json\/wp\/v2\/pages"}],"about":[{"href":"https:\/\/betiprest.info\/es\/wp-json\/wp\/v2\/types\/page"}],"author":[{"embeddable":true,"href":"https:\/\/betiprest.info\/es\/wp-json\/wp\/v2\/users\/1"}],"replies":[{"embeddable":true,"href":"https:\/\/betiprest.info\/es\/wp-json\/wp\/v2\/comments?post=34"}],"version-history":[{"count":7,"href":"https:\/\/betiprest.info\/es\/wp-json\/wp\/v2\/pages\/34\/revisions"}],"predecessor-version":[{"id":256,"href":"https:\/\/betiprest.info\/es\/wp-json\/wp\/v2\/pages\/34\/revisions\/256"}],"up":[{"embeddable":true,"href":"https:\/\/betiprest.info\/es\/wp-json\/wp\/v2\/pages\/54"}],"wp:attachment":[{"href":"https:\/\/betiprest.info\/es\/wp-json\/wp\/v2\/media?parent=34"}],"curies":[{"name":"wp","href":"https:\/\/api.w.org\/{rel}","templated":true}]}}