{"id":40,"date":"2015-09-10T17:32:15","date_gmt":"2015-09-10T15:32:15","guid":{"rendered":"http:\/\/betiprest.info\/?page_id=40"},"modified":"2019-02-14T20:52:43","modified_gmt":"2019-02-14T19:52:43","slug":"usuarios","status":"publish","type":"page","link":"https:\/\/betiprest.info\/es\/manual-alumnado\/usuarios\/","title":{"rendered":"Listado de usuarios\/as"},"content":{"rendered":"<p>Pulsando el bot\u00f3n <strong>Usuarios\/as<\/strong> se llega a un listado donde se muestran los usuarios\/as teleatendidos\/as junto con sus perfiles y llamadas asociadas, en el que se puede filtrar por persona teleoperadora:<\/p>\n<p><a href=\"http:\/\/betiprest.info\/files\/2015\/09\/erabiltzaileak_es.png\"><img loading=\"lazy\" decoding=\"async\" class=\"aligncenter size-full wp-image-68\" src=\"http:\/\/betiprest.info\/files\/2015\/09\/erabiltzaileak_es.png\" alt=\"erabiltzaileak_es\" width=\"932\" height=\"324\" \/><\/a><\/p>\n<p>El listado\u00a0indica el n\u00ba de llamadas para cada usuario\/a.<\/p>\n<p>Desde este listado se pueden realizar las siguientes operaciones:<\/p>\n<ul>\n<li>Crear un nuevo usuario\/a.<\/li>\n<li>Modificar los datos de un usuario\/a mediante el icono l\u00e1piz.<\/li>\n<li>Ver la ficha completa mediante el icono de p\u00e1gina.<\/li>\n<li>Borrar un usuario\/a mediante el icono X.<\/li>\n<li>Ver los datos de un usuario\/a mediante el icono lupa.<\/li>\n<li>Gestionar las llamadas de un usuario\/a mediante el icono tel\u00e9fono.<\/li>\n<\/ul>\n<p>La modificaci\u00f3n y borrado s\u00f3lo est\u00e1 disponible para la persona teleoperadora conectada si \u00e9sta est\u00e1 asociada al usuario\/a.<\/p>","protected":false},"excerpt":{"rendered":"<p>Pulsando el bot\u00f3n Usuarios\/as se llega a un listado donde se muestran los usuarios\/as teleatendidos\/as junto con sus perfiles y llamadas asociadas, en el que se puede filtrar por persona teleoperadora: El listado\u00a0indica el n\u00ba de llamadas para cada usuario\/a. Desde este listado se pueden realizar las siguientes operaciones: Crear un nuevo usuario\/a. Modificar los &hellip; <a href=\"https:\/\/betiprest.info\/es\/manual-alumnado\/usuarios\/\" class=\"more-link\">Seguir leyendo <span class=\"screen-reader-text\">Listado de usuarios\/as<\/span> <span class=\"meta-nav\">&rarr;<\/span><\/a><\/p>\n","protected":false},"author":1,"featured_media":0,"parent":54,"menu_order":0,"comment_status":"closed","ping_status":"closed","template":"","meta":{"footnotes":""},"class_list":["post-40","page","type-page","status-publish","hentry"],"_links":{"self":[{"href":"https:\/\/betiprest.info\/es\/wp-json\/wp\/v2\/pages\/40"}],"collection":[{"href":"https:\/\/betiprest.info\/es\/wp-json\/wp\/v2\/pages"}],"about":[{"href":"https:\/\/betiprest.info\/es\/wp-json\/wp\/v2\/types\/page"}],"author":[{"embeddable":true,"href":"https:\/\/betiprest.info\/es\/wp-json\/wp\/v2\/users\/1"}],"replies":[{"embeddable":true,"href":"https:\/\/betiprest.info\/es\/wp-json\/wp\/v2\/comments?post=40"}],"version-history":[{"count":14,"href":"https:\/\/betiprest.info\/es\/wp-json\/wp\/v2\/pages\/40\/revisions"}],"predecessor-version":[{"id":300,"href":"https:\/\/betiprest.info\/es\/wp-json\/wp\/v2\/pages\/40\/revisions\/300"}],"up":[{"embeddable":true,"href":"https:\/\/betiprest.info\/es\/wp-json\/wp\/v2\/pages\/54"}],"wp:attachment":[{"href":"https:\/\/betiprest.info\/es\/wp-json\/wp\/v2\/media?parent=40"}],"curies":[{"name":"wp","href":"https:\/\/api.w.org\/{rel}","templated":true}]}}