{"id":77,"date":"2015-09-10T18:20:46","date_gmt":"2015-09-10T16:20:46","guid":{"rendered":"http:\/\/betiprest.info\/?page_id=77"},"modified":"2019-02-15T21:04:49","modified_gmt":"2019-02-15T20:04:49","slug":"ficha-usuario","status":"publish","type":"page","link":"https:\/\/betiprest.info\/es\/manual-alumnado\/ficha-usuario\/","title":{"rendered":"Ficha de usuario\/a"},"content":{"rendered":"<p>La ficha de cada usuario\/a tiene la siguiente apariencia:<\/p>\n<p><a href=\"http:\/\/betiprest.info\/files\/2015\/09\/erabiltzaile_es.png\"><img loading=\"lazy\" decoding=\"async\" class=\"aligncenter size-full wp-image-87\" src=\"http:\/\/betiprest.info\/files\/2015\/09\/erabiltzaile_es.png\" alt=\"erabiltzaile_es\" width=\"851\" height=\"470\" \/><\/a><\/p>\n<p>Los datos se organizan en estos grupos:<\/p>\n<ul>\n<li>B\u00e1sicos: nombre y apellidos, distintos perfiles y observaciones.<\/li>\n<li>Personales: fecha de entrada, nombre com\u00fan o de casa, fecha de nacimiento,&#8230;<\/li>\n<li>Residenciales: si vive s\u00f3lo\/a o no, caracter\u00edsticas de la vivienda y recursos del entorno.<\/li>\n<li>Contactos: qui\u00e9n es el contacto, su tel\u00e9fono, relaci\u00f3n y notas. Como m\u00e1ximo se pueden introducir tres contactos.<\/li>\n<li>Sanitarios: situaci\u00f3n f\u00edsico-ps\u00edquica, caracter\u00edsticas sensoriales, medicaci\u00f3n, riesgos,&#8230;<\/li>\n<li>Capacidades: para usar el tel\u00e9fono, para hacer compras,&#8230;<\/li>\n<\/ul>\n<p>En la zona superior\u00a0de todas las pesta\u00f1as se pueden ver las observaciones que el profesor\/a hace respecto al usuario\/a y la nota.<\/p>","protected":false},"excerpt":{"rendered":"<p>La ficha de cada usuario\/a tiene la siguiente apariencia: Los datos se organizan en estos grupos: B\u00e1sicos: nombre y apellidos, distintos perfiles y observaciones. Personales: fecha de entrada, nombre com\u00fan o de casa, fecha de nacimiento,&#8230; Residenciales: si vive s\u00f3lo\/a o no, caracter\u00edsticas de la vivienda y recursos del entorno. Contactos: qui\u00e9n es el contacto, &hellip; <a href=\"https:\/\/betiprest.info\/es\/manual-alumnado\/ficha-usuario\/\" class=\"more-link\">Seguir leyendo <span class=\"screen-reader-text\">Ficha de usuario\/a<\/span> <span class=\"meta-nav\">&rarr;<\/span><\/a><\/p>\n","protected":false},"author":1,"featured_media":0,"parent":54,"menu_order":0,"comment_status":"closed","ping_status":"closed","template":"","meta":{"footnotes":""},"class_list":["post-77","page","type-page","status-publish","hentry"],"_links":{"self":[{"href":"https:\/\/betiprest.info\/es\/wp-json\/wp\/v2\/pages\/77"}],"collection":[{"href":"https:\/\/betiprest.info\/es\/wp-json\/wp\/v2\/pages"}],"about":[{"href":"https:\/\/betiprest.info\/es\/wp-json\/wp\/v2\/types\/page"}],"author":[{"embeddable":true,"href":"https:\/\/betiprest.info\/es\/wp-json\/wp\/v2\/users\/1"}],"replies":[{"embeddable":true,"href":"https:\/\/betiprest.info\/es\/wp-json\/wp\/v2\/comments?post=77"}],"version-history":[{"count":13,"href":"https:\/\/betiprest.info\/es\/wp-json\/wp\/v2\/pages\/77\/revisions"}],"predecessor-version":[{"id":304,"href":"https:\/\/betiprest.info\/es\/wp-json\/wp\/v2\/pages\/77\/revisions\/304"}],"up":[{"embeddable":true,"href":"https:\/\/betiprest.info\/es\/wp-json\/wp\/v2\/pages\/54"}],"wp:attachment":[{"href":"https:\/\/betiprest.info\/es\/wp-json\/wp\/v2\/media?parent=77"}],"curies":[{"name":"wp","href":"https:\/\/api.w.org\/{rel}","templated":true}]}}