{"id":95,"date":"2015-09-10T18:50:06","date_gmt":"2015-09-10T16:50:06","guid":{"rendered":"http:\/\/betiprest.info\/?page_id=95"},"modified":"2019-02-15T20:59:56","modified_gmt":"2019-02-15T19:59:56","slug":"ficha-llamada","status":"publish","type":"page","link":"https:\/\/betiprest.info\/es\/manual-alumnado\/ficha-llamada\/","title":{"rendered":"Ficha de llamada"},"content":{"rendered":"<p>La ficha de una llamada\u00a0es la siguiente:<\/p>\n<p><a href=\"http:\/\/betiprest.info\/files\/2015\/09\/deia_es.png\"><img loading=\"lazy\" decoding=\"async\" class=\"aligncenter size-full wp-image-96\" src=\"http:\/\/betiprest.info\/files\/2015\/09\/deia_es.png\" alt=\"deia_es\" width=\"846\" height=\"545\" \/><\/a><\/p>\n<p>Los datos de una llamada son:<\/p>\n<ul>\n<li>Sentido: entrada o salida.<\/li>\n<li>Tipo de llamada: seg\u00fan las clases de llamada establecidas por el profesor\/a.<\/li>\n<li>Fecha planificada y motivo, en caso de que sea una llamada planificada.<\/li>\n<li>Interlocutor\/a: con qui\u00e9n se habla o con qui\u00e9n se quiere hablar (con el usuario\/a, con alguien de su familia,&#8230;).<\/li>\n<li>Fecha real, hora, duraci\u00f3n y resumen, despu\u00e9s de hacer la llamada.<\/li>\n<li>Respuesta de operador(a), Actuaciones, Recursos.<\/li>\n<li>Seguimiento: si esta llamada se ha de seguir a futuro.<\/li>\n<li>Tipo de incidencia: si est\u00e1 relacionada con una incidencia, aqu\u00ed se elige una opci\u00f3n.<\/li>\n<li>Cierre de incidencia.<\/li>\n<\/ul>\n<p><\/p>","protected":false},"excerpt":{"rendered":"<p>La ficha de una llamada\u00a0es la siguiente: Los datos de una llamada son: Sentido: entrada o salida. Tipo de llamada: seg\u00fan las clases de llamada establecidas por el profesor\/a. Fecha planificada y motivo, en caso de que sea una llamada planificada. Interlocutor\/a: con qui\u00e9n se habla o con qui\u00e9n se quiere hablar (con el usuario\/a, &hellip; <a href=\"https:\/\/betiprest.info\/es\/manual-alumnado\/ficha-llamada\/\" class=\"more-link\">Seguir leyendo <span class=\"screen-reader-text\">Ficha de llamada<\/span> <span class=\"meta-nav\">&rarr;<\/span><\/a><\/p>\n","protected":false},"author":1,"featured_media":0,"parent":54,"menu_order":0,"comment_status":"closed","ping_status":"closed","template":"","meta":{"footnotes":""},"class_list":["post-95","page","type-page","status-publish","hentry"],"_links":{"self":[{"href":"https:\/\/betiprest.info\/es\/wp-json\/wp\/v2\/pages\/95"}],"collection":[{"href":"https:\/\/betiprest.info\/es\/wp-json\/wp\/v2\/pages"}],"about":[{"href":"https:\/\/betiprest.info\/es\/wp-json\/wp\/v2\/types\/page"}],"author":[{"embeddable":true,"href":"https:\/\/betiprest.info\/es\/wp-json\/wp\/v2\/users\/1"}],"replies":[{"embeddable":true,"href":"https:\/\/betiprest.info\/es\/wp-json\/wp\/v2\/comments?post=95"}],"version-history":[{"count":5,"href":"https:\/\/betiprest.info\/es\/wp-json\/wp\/v2\/pages\/95\/revisions"}],"predecessor-version":[{"id":303,"href":"https:\/\/betiprest.info\/es\/wp-json\/wp\/v2\/pages\/95\/revisions\/303"}],"up":[{"embeddable":true,"href":"https:\/\/betiprest.info\/es\/wp-json\/wp\/v2\/pages\/54"}],"wp:attachment":[{"href":"https:\/\/betiprest.info\/es\/wp-json\/wp\/v2\/media?parent=95"}],"curies":[{"name":"wp","href":"https:\/\/api.w.org\/{rel}","templated":true}]}}